{"id":124,"date":"2025-08-26T18:40:53","date_gmt":"2025-08-26T16:40:53","guid":{"rendered":"https:\/\/weserigel.de\/?page_id=124"},"modified":"2025-09-10T01:22:48","modified_gmt":"2025-09-09T23:22:48","slug":"bau-dir-dein-igelparadies","status":"publish","type":"page","link":"https:\/\/weserigel.de\/index.php\/bau-dir-dein-igelparadies\/","title":{"rendered":"Bau dir dein Igelparadies"},"content":{"rendered":"\n<figure class=\"wp-block-image size-large\"><img loading=\"lazy\" decoding=\"async\" width=\"793\" height=\"1024\" src=\"https:\/\/weserigel.de\/wp-content\/uploads\/2025\/08\/SchlafhauscloseWiese-e1756207176789-793x1024.jpeg\" alt=\"\" class=\"wp-image-134\" srcset=\"https:\/\/weserigel.de\/wp-content\/uploads\/2025\/08\/SchlafhauscloseWiese-e1756207176789-793x1024.jpeg 793w, https:\/\/weserigel.de\/wp-content\/uploads\/2025\/08\/SchlafhauscloseWiese-e1756207176789-232x300.jpeg 232w, https:\/\/weserigel.de\/wp-content\/uploads\/2025\/08\/SchlafhauscloseWiese-e1756207176789-768x992.jpeg 768w, https:\/\/weserigel.de\/wp-content\/uploads\/2025\/08\/SchlafhauscloseWiese-e1756207176789.jpeg 1024w\" sizes=\"auto, (max-width: 793px) 100vw, 793px\" \/><figcaption class=\"wp-element-caption\">\u00a9Fotos von Weserigel Merve Mareike Nietardt<\/figcaption><\/figure>\n\n\n\n<p><\/p>\n\n\n\n<p><strong>Anleitung:<\/strong><\/p>\n\n\n\n<p>1. Nach der Bauanleitung die Ma\u00dfe auf den Holzbrettern markieren und mit der Stichs\u00e4ge zurecht s\u00e4gen. Kanten mit der Holzfeile gl\u00e4tten.<\/p>\n\n\n\n<p>2. L\u00f6cher f\u00fcr die Holzschrauben markieren und anbohren.<\/p>\n\n\n\n<p>3. Bauteile mit den l\u00e4ngeren Holzschrauben anschrauben.<\/p>\n\n\n\n<p>4. F\u00fcr das Schlafhausdach: Die Tiefe des Innenraums ausmessen, die Dachlatten entsprechend anpassen und auf das fertige Dach mit den 4 k\u00fcrzeren Schrauben anschrauben.<\/p>\n\n\n\n<p>5. Das Dach mit einer Dachpappe regensicher montieren.<\/p>\n\n\n\n<p>6. Nur f\u00fcr das Futterhaus: Rattenklappe an den Ecken durchbohren und mit einer stabilen Juteschnur an jedem Eingang befestigen.<\/p>\n\n\n\n<p>7. Um f\u00fcr Katzen den Zugang in das Igel-Futterhaus zu erschweren, k\u00f6nnen die zwei Eing\u00e4nge innen noch mit einer Leitleiste befestigt werden. (35cm x 10cm)<\/p>\n\n\n\n<div data-wp-interactive=\"core\/file\" class=\"wp-block-file\"><object data-wp-bind--hidden=\"!state.hasPdfPreview\" hidden class=\"wp-block-file__embed\" data=\"https:\/\/weserigel.de\/wp-content\/uploads\/2025\/08\/Bau-dir-dein-Igelparadies-Anleitung-Bauplan-1.pdf\" type=\"application\/pdf\" style=\"width:100%;height:600px\" aria-label=\"Einbettung von Bau dir dein Igelparadies -  Anleitung + Bauplan.\"><\/object><a id=\"wp-block-file--media-571f56f3-23d2-4926-91d8-b3dd1982ebf6\" href=\"https:\/\/weserigel.de\/wp-content\/uploads\/2025\/08\/Bau-dir-dein-Igelparadies-Anleitung-Bauplan-1.pdf\">Bau dir dein Igelparadies &#8211;  Anleitung + Bauplan<\/a><a href=\"https:\/\/weserigel.de\/wp-content\/uploads\/2025\/08\/Bau-dir-dein-Igelparadies-Anleitung-Bauplan-1.pdf\" class=\"wp-block-file__button wp-element-button\" download aria-describedby=\"wp-block-file--media-571f56f3-23d2-4926-91d8-b3dd1982ebf6\">Herunterladen<\/a><\/div>\n\n\n\n<p>Igelhaus<\/p>\n\n\n\n<figure class=\"wp-block-image size-large\"><img loading=\"lazy\" decoding=\"async\" width=\"795\" height=\"1024\" src=\"https:\/\/weserigel.de\/wp-content\/uploads\/2025\/08\/SchlafhausWiese2open-795x1024.jpeg\" alt=\"\" class=\"wp-image-136\" srcset=\"https:\/\/weserigel.de\/wp-content\/uploads\/2025\/08\/SchlafhausWiese2open-795x1024.jpeg 795w, https:\/\/weserigel.de\/wp-content\/uploads\/2025\/08\/SchlafhausWiese2open-233x300.jpeg 233w, https:\/\/weserigel.de\/wp-content\/uploads\/2025\/08\/SchlafhausWiese2open-768x989.jpeg 768w, https:\/\/weserigel.de\/wp-content\/uploads\/2025\/08\/SchlafhausWiese2open.jpeg 1024w\" sizes=\"auto, (max-width: 795px) 100vw, 795px\" \/><figcaption class=\"wp-element-caption\">\u00a9Fotos von Weserigel Merve Mareike Nietardt<\/figcaption><\/figure>\n\n\n\n<p><strong>Standorte:<\/strong><\/p>\n\n\n\n<p>Schlafhaus: Das Igel-Winterschlafhaus braucht einen ruhigen und gesch\u00fctzten Platz. Bevorzugt in der N\u00e4he eines Laubhaufens, ggf. auch den Laubhaufen um das Haus verteilen<\/p>\n\n\n\n<p>Die leichte Schr\u00e4ge des Schlafhauses ist daf\u00fcr da, dass das Regenwasser gut ablie\u00dft.<\/p>\n\n\n\n<p>Das Schlafhaus mit Stroh und Laub bef\u00fcllen.<\/p>\n\n\n\n<p>Futterhaus kann etwas zentraler im Garten stehen, aber auch in einer ruhigen Ecke. In der N\u00e4he kann ein Strauch oder Busch stehen. Wenn mehr als 3 Igel den Garten besuchen, sind mehrere Futterh\u00e4user ratsam. Einen flachen runden Teller ins Innere des Futterhauses in die Mitte stellen. Au\u00dferhalb des Futterhauses genug Wasserstellen verteilen.<\/p>\n\n\n\n<p>Futter: Igel sind ausschlie\u00dflich Fleisch und Insektenfresser, deswegen bitte nur hochwertiges Katzentrockenfutter mit mind. 70% Fleischanteil und ggf etwas Trockeninsekten als Topic.<\/p>\n\n\n\n<p>Kein extra \u201eIgelfutter\u201c verwenden, weil diese unn\u00f6tig und zu teuer, dazu in der Zusammensetzung h\u00e4ufig nicht igelgerecht. Igel vertragen keine N\u00fcsse, Obst oder Haferflocken.<\/p>\n\n\n\n<p><\/p>\n\n\n\n<p>Igelfutterhaus<\/p>\n\n\n\n<figure class=\"wp-block-image size-large\"><img loading=\"lazy\" decoding=\"async\" width=\"732\" height=\"1024\" src=\"https:\/\/weserigel.de\/wp-content\/uploads\/2025\/08\/FutterhausStein-732x1024.jpeg\" alt=\"\" class=\"wp-image-130\" srcset=\"https:\/\/weserigel.de\/wp-content\/uploads\/2025\/08\/FutterhausStein-732x1024.jpeg 732w, https:\/\/weserigel.de\/wp-content\/uploads\/2025\/08\/FutterhausStein-215x300.jpeg 215w, https:\/\/weserigel.de\/wp-content\/uploads\/2025\/08\/FutterhausStein-768x1074.jpeg 768w, https:\/\/weserigel.de\/wp-content\/uploads\/2025\/08\/FutterhausStein.jpeg 1024w\" sizes=\"auto, (max-width: 732px) 100vw, 732px\" \/><figcaption class=\"wp-element-caption\">\u00a9Fotos von Weserigel Merve Mareike Nietardt<\/figcaption><\/figure>\n\n\n\n<figure class=\"wp-block-image size-full\"><img loading=\"lazy\" decoding=\"async\" width=\"1024\" height=\"1011\" src=\"https:\/\/weserigel.de\/wp-content\/uploads\/2025\/08\/FutterhausOpen.jpeg\" alt=\"\" class=\"wp-image-129\" srcset=\"https:\/\/weserigel.de\/wp-content\/uploads\/2025\/08\/FutterhausOpen.jpeg 1024w, https:\/\/weserigel.de\/wp-content\/uploads\/2025\/08\/FutterhausOpen-300x296.jpeg 300w, https:\/\/weserigel.de\/wp-content\/uploads\/2025\/08\/FutterhausOpen-768x758.jpeg 768w\" sizes=\"auto, (max-width: 1024px) 100vw, 1024px\" \/><figcaption class=\"wp-element-caption\">\u00a9Fotos von Weserigel Merve Mareike Nietardt<\/figcaption><\/figure>\n","protected":false},"excerpt":{"rendered":"<p>Anleitung: 1. Nach der Bauanleitung die Ma\u00dfe auf den Holzbrettern markieren und mit der Stichs\u00e4ge zurecht s\u00e4gen. Kanten mit der Holzfeile gl\u00e4tten. 2. L\u00f6cher f\u00fcr die Holzschrauben markieren und anbohren. 3. Bauteile mit den l\u00e4ngeren Holzschrauben anschrauben. 4. F\u00fcr das Schlafhausdach: Die Tiefe des Innenraums ausmessen, die Dachlatten entsprechend anpassen und auf das fertige Dach [&hellip;]<\/p>\n","protected":false},"author":3,"featured_media":0,"parent":0,"menu_order":5,"comment_status":"closed","ping_status":"closed","template":"","meta":{"footnotes":""},"class_list":["post-124","page","type-page","status-publish","hentry"],"_links":{"self":[{"href":"https:\/\/weserigel.de\/index.php\/wp-json\/wp\/v2\/pages\/124","targetHints":{"allow":["GET"]}}],"collection":[{"href":"https:\/\/weserigel.de\/index.php\/wp-json\/wp\/v2\/pages"}],"about":[{"href":"https:\/\/weserigel.de\/index.php\/wp-json\/wp\/v2\/types\/page"}],"author":[{"embeddable":true,"href":"https:\/\/weserigel.de\/index.php\/wp-json\/wp\/v2\/users\/3"}],"replies":[{"embeddable":true,"href":"https:\/\/weserigel.de\/index.php\/wp-json\/wp\/v2\/comments?post=124"}],"version-history":[{"count":10,"href":"https:\/\/weserigel.de\/index.php\/wp-json\/wp\/v2\/pages\/124\/revisions"}],"predecessor-version":[{"id":219,"href":"https:\/\/weserigel.de\/index.php\/wp-json\/wp\/v2\/pages\/124\/revisions\/219"}],"wp:attachment":[{"href":"https:\/\/weserigel.de\/index.php\/wp-json\/wp\/v2\/media?parent=124"}],"curies":[{"name":"wp","href":"https:\/\/api.w.org\/{rel}","templated":true}]}}