{"id":147,"date":"2025-08-28T02:53:16","date_gmt":"2025-08-28T00:53:16","guid":{"rendered":"https:\/\/weserigel.de\/?page_id=147"},"modified":"2025-08-28T14:40:13","modified_gmt":"2025-08-28T12:40:13","slug":"impressum","status":"publish","type":"page","link":"https:\/\/weserigel.de\/index.php\/impressum\/","title":{"rendered":"Impressum"},"content":{"rendered":"\n<p><strong>Igelstation &amp; Netzwerk Weserigel<\/strong><\/p>\n\n\n\n<p>Merve Mareike Nietardt<\/p>\n\n\n\n<p>Email: igel[at]weserigel.de<\/p>\n\n\n\n<p><\/p>\n\n\n<p>Angaben gem\u00e4\u00df \u00a7 5 DDG<\/p>\n<p><strong>Verantwortlich f\u00fcr Technik &amp; Inhalt nach \u00a7 18 Abs. 2 MStV \/ Kontakt:<\/strong><br \/>Frank Eckert<br \/>St\u00f6ckener St\u00f6ckener Str. 91<br \/>30419 Hannover<br \/>Telefon: +49 5111624591<br \/>Fax: +49 5111624592<br \/>E-Mail: <a href=\"mailto:igel@weserigel.de\">igel[at]weserigel.de<\/a><\/p>\n<p><strong>Haftungsausschluss: <\/strong><\/p>\n<p><strong>Haftung f\u00fcr Inhalte<\/strong><\/p>\n<p>Die Inhalte unserer Seiten wurden mit gr\u00f6\u00dfter Sorgfalt erstellt. F\u00fcr die Richtigkeit, Vollst\u00e4ndigkeit und Aktualit\u00e4t der Inhalte k\u00f6nnen wir jedoch keine Gew\u00e4hr \u00fcbernehmen. Als Diensteanbieter sind wir gem\u00e4\u00df \u00a7 7 Abs.1 DDG f\u00fcr eigene Inhalte auf diesen Seiten nach den allgemeinen Gesetzen verantwortlich. Nach \u00a7\u00a7 8 bis 10 DDG sind wir als Diensteanbieter jedoch nicht verpflichtet, \u00fcbermittelte oder gespeicherte fremde Informationen zu \u00fcberwachen oder nach Umst\u00e4nden zu forschen, die auf eine rechtswidrige T\u00e4tigkeit hinweisen. Verpflichtungen zur Entfernung oder Sperrung der Nutzung von Informationen nach den allgemeinen Gesetzen bleiben hiervon unber\u00fchrt. Eine diesbez\u00fcgliche Haftung ist jedoch erst ab dem Zeitpunkt der Kenntnis einer konkreten Rechtsverletzung m\u00f6glich. Bei Bekanntwerden von entsprechenden Rechtsverletzungen werden wir diese Inhalte umgehend entfernen.<\/p>\n<p><strong>Haftung f\u00fcr Links<\/strong><\/p>\n<p>Unser Angebot enth\u00e4lt Links zu externen Webseiten Dritter, auf deren Inhalte wir keinen Einfluss haben. Deshalb k\u00f6nnen wir f\u00fcr diese fremden Inhalte auch keine Gew\u00e4hr \u00fcbernehmen. F\u00fcr die Inhalte der verlinkten Seiten ist stets der jeweilige Anbieter oder Betreiber der Seiten verantwortlich. Die verlinkten Seiten wurden zum Zeitpunkt der Verlinkung auf m\u00f6gliche Rechtsverst\u00f6\u00dfe \u00fcberpr\u00fcft. Rechtswidrige Inhalte waren zum Zeitpunkt der Verlinkung nicht erkennbar. Eine permanente inhaltliche Kontrolle der verlinkten Seiten ist jedoch ohne konkrete Anhaltspunkte einer Rechtsverletzung nicht zumutbar. Bei Bekanntwerden von Rechtsverletzungen werden wir derartige Links umgehend entfernen.<\/p>\n<p>Erstellt mit <a href=\"https:\/\/impressum-generator.de\" rel=\"dofollow\">Impressum-Generator.de<\/a>, dem Tool f\u00fcr Impressum und <a href=\"https:\/\/impressum-generator.de\/datenschutz-generator\" rel=\"dofollow\">Datenschutz-Erkl\u00e4rung<\/a>. Nach einer Vorlage der <a href=\"https:\/\/www.kanzlei-hasselbach.de\/\" rel=\"dofollow\">Kanzlei Hasselbach<\/a>.<\/p>","protected":false},"excerpt":{"rendered":"<p>Igelstation &amp; Netzwerk Weserigel Merve Mareike Nietardt Email: igel[at]weserigel.de Angaben gem\u00e4\u00df \u00a7 5 DDG Verantwortlich f\u00fcr Technik &amp; Inhalt nach \u00a7 18 Abs. 2 MStV \/ Kontakt:Frank EckertSt\u00f6ckener St\u00f6ckener Str. 9130419 HannoverTelefon: +49 5111624591Fax: +49 5111624592E-Mail: igel[at]weserigel.de Haftungsausschluss: Haftung f\u00fcr Inhalte Die Inhalte unserer Seiten wurden mit gr\u00f6\u00dfter Sorgfalt erstellt. F\u00fcr die Richtigkeit, Vollst\u00e4ndigkeit und [&hellip;]<\/p>\n","protected":false},"author":1,"featured_media":0,"parent":0,"menu_order":8,"comment_status":"closed","ping_status":"closed","template":"","meta":{"footnotes":""},"class_list":["post-147","page","type-page","status-publish","hentry"],"_links":{"self":[{"href":"https:\/\/weserigel.de\/index.php\/wp-json\/wp\/v2\/pages\/147","targetHints":{"allow":["GET"]}}],"collection":[{"href":"https:\/\/weserigel.de\/index.php\/wp-json\/wp\/v2\/pages"}],"about":[{"href":"https:\/\/weserigel.de\/index.php\/wp-json\/wp\/v2\/types\/page"}],"author":[{"embeddable":true,"href":"https:\/\/weserigel.de\/index.php\/wp-json\/wp\/v2\/users\/1"}],"replies":[{"embeddable":true,"href":"https:\/\/weserigel.de\/index.php\/wp-json\/wp\/v2\/comments?post=147"}],"version-history":[{"count":3,"href":"https:\/\/weserigel.de\/index.php\/wp-json\/wp\/v2\/pages\/147\/revisions"}],"predecessor-version":[{"id":175,"href":"https:\/\/weserigel.de\/index.php\/wp-json\/wp\/v2\/pages\/147\/revisions\/175"}],"wp:attachment":[{"href":"https:\/\/weserigel.de\/index.php\/wp-json\/wp\/v2\/media?parent=147"}],"curies":[{"name":"wp","href":"https:\/\/api.w.org\/{rel}","templated":true}]}}